{"id":277,"date":"2025-06-20T11:00:36","date_gmt":"2025-06-20T11:00:36","guid":{"rendered":"https:\/\/aamen.ee\/offerings\/"},"modified":"2026-02-03T19:26:27","modified_gmt":"2026-02-03T19:26:27","slug":"offerings","status":"publish","type":"page","link":"https:\/\/aamen.ee\/en\/offerings\/","title":{"rendered":"Menu"},"content":{"rendered":"<div data-elementor-type=\"wp-page\" data-elementor-id=\"277\" class=\"elementor elementor-277\">\n\t\t\t\t<div class=\"elementor-element elementor-element-08d2b1d e-flex e-con-boxed e-con e-parent\" data-id=\"08d2b1d\" data-element_type=\"container\" data-settings=\"{&quot;background_background&quot;:&quot;classic&quot;}\">\n\t\t\t\t\t<div class=\"e-con-inner\">\n\t\t\t\t<div class=\"elementor-element elementor-element-cb732a3 elementor-widget elementor-widget-heading\" data-id=\"cb732a3\" data-element_type=\"widget\" data-widget_type=\"heading.default\">\n\t\t\t\t<div class=\"elementor-widget-container\">\n\t\t\t\t\t<h1 class=\"elementor-heading-title elementor-size-default\">Menu<\/h1>\t\t\t\t<\/div>\n\t\t\t\t<\/div>\n\t\t\t\t\t<\/div>\n\t\t\t\t<\/div>\n\t\t<div class=\"elementor-element elementor-element-ce2b6d1 e-flex e-con-boxed e-con e-parent\" data-id=\"ce2b6d1\" data-element_type=\"container\">\n\t\t\t\t\t<div class=\"e-con-inner\">\n\t\t\t\t<div class=\"elementor-element elementor-element-63eecf7 elementor-widget elementor-widget-image-box\" data-id=\"63eecf7\" data-element_type=\"widget\" data-widget_type=\"image-box.default\">\n\t\t\t\t<div class=\"elementor-widget-container\">\n\t\t\t\t\t<div class=\"elementor-image-box-wrapper\"><div class=\"elementor-image-box-content\"><h2 class=\"elementor-image-box-title\"><br>Aamen menu<\/h2><p class=\"elementor-image-box-description\">We offer a diverse culinary experience, ranging from European cuisine to Asian fusion.<\/p><\/div><\/div>\t\t\t\t<\/div>\n\t\t\t\t<\/div>\n\t\t\t\t<div class=\"elementor-element elementor-element-540f7f7 elementor-widget elementor-widget-image\" data-id=\"540f7f7\" data-element_type=\"widget\" data-widget_type=\"image.default\">\n\t\t\t\t<div class=\"elementor-widget-container\">\n\t\t\t\t\t\t\t\t\t\t\t\t\t\t\t<img decoding=\"async\" src=\"https:\/\/aamen.ee\/wp-content\/uploads\/2026\/01\/Nimetu-kujundus-29-1-scaled.png\" title=\"Nimetu kujundus (28)\" alt=\"Nimetu kujundus (28)\" loading=\"lazy\" \/>\t\t\t\t\t\t\t\t\t\t\t\t\t\t\t<\/div>\n\t\t\t\t<\/div>\n\t\t\t\t<div class=\"elementor-element elementor-element-480cf86 elementor-widget elementor-widget-image\" data-id=\"480cf86\" data-element_type=\"widget\" data-widget_type=\"image.default\">\n\t\t\t\t<div class=\"elementor-widget-container\">\n\t\t\t\t\t\t\t\t\t\t\t\t\t\t\t<img decoding=\"async\" src=\"https:\/\/aamen.ee\/wp-content\/uploads\/2025\/09\/2909_taibaan_eng_fb-1.jpg\" title=\"2909_taibaan_toit_est_174x350mm\" alt=\"2909_taibaan_toit_est_174x350mm\" loading=\"lazy\" \/>\t\t\t\t\t\t\t\t\t\t\t\t\t\t\t<\/div>\n\t\t\t\t<\/div>\n\t\t\t\t\t<\/div>\n\t\t\t\t<\/div>\n\t\t<div class=\"elementor-element elementor-element-dd88ace e-flex e-con-boxed e-con e-parent\" data-id=\"dd88ace\" data-element_type=\"container\">\n\t\t\t\t\t<div class=\"e-con-inner\">\n\t\t\t\t<div class=\"elementor-element elementor-element-395caf4 elementor-widget elementor-widget-image\" data-id=\"395caf4\" data-element_type=\"widget\" data-widget_type=\"image.default\">\n\t\t\t\t<div class=\"elementor-widget-container\">\n\t\t\t\t\t\t\t\t\t\t\t\t\t\t\t<img fetchpriority=\"high\" decoding=\"async\" width=\"1365\" height=\"2048\" src=\"https:\/\/aamen.ee\/wp-content\/uploads\/2025\/06\/30092024_-16.54.19__Rene-Lutterus_-4266-1.jpg\" class=\"attachment-full size-full wp-image-522\" alt=\"\" srcset=\"https:\/\/aamen.ee\/wp-content\/uploads\/2025\/06\/30092024_-16.54.19__Rene-Lutterus_-4266-1.jpg 1365w, https:\/\/aamen.ee\/wp-content\/uploads\/2025\/06\/30092024_-16.54.19__Rene-Lutterus_-4266-1-200x300.jpg 200w, https:\/\/aamen.ee\/wp-content\/uploads\/2025\/06\/30092024_-16.54.19__Rene-Lutterus_-4266-1-683x1024.jpg 683w, https:\/\/aamen.ee\/wp-content\/uploads\/2025\/06\/30092024_-16.54.19__Rene-Lutterus_-4266-1-768x1152.jpg 768w, https:\/\/aamen.ee\/wp-content\/uploads\/2025\/06\/30092024_-16.54.19__Rene-Lutterus_-4266-1-1024x1536.jpg 1024w\" sizes=\"(max-width: 1365px) 100vw, 1365px\" \/>\t\t\t\t\t\t\t\t\t\t\t\t\t\t\t<\/div>\n\t\t\t\t<\/div>\n\t\t\t\t<div class=\"elementor-element elementor-element-c1162fe elementor-widget elementor-widget-image\" data-id=\"c1162fe\" data-element_type=\"widget\" data-widget_type=\"image.default\">\n\t\t\t\t<div class=\"elementor-widget-container\">\n\t\t\t\t\t\t\t\t\t\t\t\t\t\t\t<img decoding=\"async\" width=\"578\" height=\"1024\" src=\"https:\/\/aamen.ee\/wp-content\/uploads\/2025\/07\/veinidloigatud-578x1024.jpg\" class=\"attachment-large size-large wp-image-838\" alt=\"\" srcset=\"https:\/\/aamen.ee\/wp-content\/uploads\/2025\/07\/veinidloigatud-578x1024.jpg 578w, https:\/\/aamen.ee\/wp-content\/uploads\/2025\/07\/veinidloigatud-169x300.jpg 169w, https:\/\/aamen.ee\/wp-content\/uploads\/2025\/07\/veinidloigatud.jpg 700w\" sizes=\"(max-width: 578px) 100vw, 578px\" \/>\t\t\t\t\t\t\t\t\t\t\t\t\t\t\t<\/div>\n\t\t\t\t<\/div>\n\t\t\t\t<div class=\"elementor-element elementor-element-502f8b5 elementor-widget elementor-widget-image\" data-id=\"502f8b5\" data-element_type=\"widget\" data-widget_type=\"image.default\">\n\t\t\t\t<div class=\"elementor-widget-container\">\n\t\t\t\t\t\t\t\t\t\t\t\t\t\t\t<img decoding=\"async\" width=\"2048\" height=\"1365\" src=\"https:\/\/aamen.ee\/wp-content\/uploads\/2025\/07\/RENE-LUTTERUS-5884.jpg\" class=\"attachment-full size-full wp-image-692\" alt=\"\" srcset=\"https:\/\/aamen.ee\/wp-content\/uploads\/2025\/07\/RENE-LUTTERUS-5884.jpg 2048w, https:\/\/aamen.ee\/wp-content\/uploads\/2025\/07\/RENE-LUTTERUS-5884-300x200.jpg 300w, https:\/\/aamen.ee\/wp-content\/uploads\/2025\/07\/RENE-LUTTERUS-5884-1024x683.jpg 1024w, https:\/\/aamen.ee\/wp-content\/uploads\/2025\/07\/RENE-LUTTERUS-5884-768x512.jpg 768w, https:\/\/aamen.ee\/wp-content\/uploads\/2025\/07\/RENE-LUTTERUS-5884-1536x1024.jpg 1536w\" sizes=\"(max-width: 2048px) 100vw, 2048px\" \/>\t\t\t\t\t\t\t\t\t\t\t\t\t\t\t<\/div>\n\t\t\t\t<\/div>\n\t\t\t\t<div class=\"elementor-element elementor-element-e2dae05 elementor-widget elementor-widget-image\" data-id=\"e2dae05\" data-element_type=\"widget\" data-widget_type=\"image.default\">\n\t\t\t\t<div class=\"elementor-widget-container\">\n\t\t\t\t\t\t\t\t\t\t\t\t\t\t\t<img loading=\"lazy\" decoding=\"async\" width=\"561\" height=\"1024\" src=\"https:\/\/aamen.ee\/wp-content\/uploads\/2025\/09\/2509_aamen_kokteilid_fb1-561x1024.jpg\" class=\"attachment-large size-large wp-image-1118\" alt=\"\" srcset=\"https:\/\/aamen.ee\/wp-content\/uploads\/2025\/09\/2509_aamen_kokteilid_fb1-561x1024.jpg 561w, https:\/\/aamen.ee\/wp-content\/uploads\/2025\/09\/2509_aamen_kokteilid_fb1-164x300.jpg 164w, https:\/\/aamen.ee\/wp-content\/uploads\/2025\/09\/2509_aamen_kokteilid_fb1-768x1402.jpg 768w, https:\/\/aamen.ee\/wp-content\/uploads\/2025\/09\/2509_aamen_kokteilid_fb1-841x1536.jpg 841w, https:\/\/aamen.ee\/wp-content\/uploads\/2025\/09\/2509_aamen_kokteilid_fb1-7x12.jpg 7w, https:\/\/aamen.ee\/wp-content\/uploads\/2025\/09\/2509_aamen_kokteilid_fb1.jpg 853w\" sizes=\"(max-width: 561px) 100vw, 561px\" \/>\t\t\t\t\t\t\t\t\t\t\t\t\t\t\t<\/div>\n\t\t\t\t<\/div>\n\t\t\t\t\t<\/div>\n\t\t\t\t<\/div>\n\t\t<div class=\"elementor-element elementor-element-e7a6a7a e-flex e-con-boxed e-con e-parent\" data-id=\"e7a6a7a\" data-element_type=\"container\" data-settings=\"{&quot;background_background&quot;:&quot;classic&quot;}\">\n\t\t\t\t\t<div class=\"e-con-inner\">\n\t\t\t\t\t<\/div>\n\t\t\t\t<\/div>\n\t\t<div class=\"elementor-element elementor-element-3586991 e-flex e-con-boxed e-con e-parent\" data-id=\"3586991\" data-element_type=\"container\" data-settings=\"{&quot;background_background&quot;:&quot;classic&quot;}\">\n\t\t\t\t\t<div class=\"e-con-inner\">\n\t\t\t\t<div class=\"elementor-element elementor-element-fab137f elementor-widget elementor-widget-image-box\" data-id=\"fab137f\" data-element_type=\"widget\" data-widget_type=\"image-box.default\">\n\t\t\t\t<div class=\"elementor-widget-container\">\n\t\t\t\t\t<div class=\"elementor-image-box-wrapper\"><div class=\"elementor-image-box-content\"><h2 class=\"elementor-image-box-title\">Experiences in Aamen<\/h2><p class=\"elementor-image-box-description\">Discover the flavours of Aamen - Book a table today!<\/p><\/div><\/div>\t\t\t\t<\/div>\n\t\t\t\t<\/div>\n\t\t\t\t<div class=\"elementor-element elementor-element-7d5a716 elementor-align-center elementor-widget elementor-widget-button\" data-id=\"7d5a716\" data-element_type=\"widget\" data-widget_type=\"button.default\">\n\t\t\t\t<div class=\"elementor-widget-container\">\n\t\t\t\t\t\t\t\t\t<div class=\"elementor-button-wrapper\">\n\t\t\t\t\t<a class=\"elementor-button elementor-button-link elementor-size-sm\" href=\"https:\/\/www.tableonline.fi\/ee\/tallinn\/aamen\/1592\/book\">\n\t\t\t\t\t\t<span class=\"elementor-button-content-wrapper\">\n\t\t\t\t\t\t\t\t\t<span class=\"elementor-button-text\">Book a table<\/span>\n\t\t\t\t\t<\/span>\n\t\t\t\t\t<\/a>\n\t\t\t\t<\/div>\n\t\t\t\t\t\t\t\t<\/div>\n\t\t\t\t<\/div>\n\t\t\t\t\t<\/div>\n\t\t\t\t<\/div>\n\t\t<div class=\"elementor-element elementor-element-2a4fcaf e-flex e-con-boxed e-con e-parent\" data-id=\"2a4fcaf\" data-element_type=\"container\">\n\t\t\t\t\t<div class=\"e-con-inner\">\n\t\t\t\t\t<\/div>\n\t\t\t\t<\/div>\n\t\t\t\t<\/div>","protected":false},"excerpt":{"rendered":"<p>Men\u00fc\u00fc Aameni men\u00fc\u00fc Pakume mitmekesist maitselemust Euroopa k\u00f6\u00f6gist kuni Aasia Fusioni&#8217;ni. Elamused Aamenis Avasta Aameni maitsed &#8211; Broneeri laud juba [&hellip;]<\/p>","protected":false},"author":1,"featured_media":0,"parent":0,"menu_order":0,"comment_status":"closed","ping_status":"closed","template":"","meta":{"site-sidebar-layout":"no-sidebar","site-content-layout":"","ast-site-content-layout":"full-width-container","site-content-style":"default","site-sidebar-style":"default","ast-global-header-display":"","ast-banner-title-visibility":"","ast-main-header-display":"","ast-hfb-above-header-display":"","ast-hfb-below-header-display":"","ast-hfb-mobile-header-display":"","site-post-title":"disabled","ast-breadcrumbs-content":"","ast-featured-img":"disabled","footer-sml-layout":"","theme-transparent-header-meta":"","adv-header-id-meta":"","stick-header-meta":"","header-above-stick-meta":"","header-main-stick-meta":"","header-below-stick-meta":"","astra-migrate-meta-layouts":"default","ast-page-background-enabled":"default","ast-page-background-meta":{"desktop":{"background-color":"var(--ast-global-color-5)","background-image":"","background-repeat":"repeat","background-position":"center center","background-size":"auto","background-attachment":"scroll","background-type":"","background-media":"","overlay-type":"","overlay-color":"","overlay-opacity":"","overlay-gradient":""},"tablet":{"background-color":"","background-image":"","background-repeat":"repeat","background-position":"center center","background-size":"auto","background-attachment":"scroll","background-type":"","background-media":"","overlay-type":"","overlay-color":"","overlay-opacity":"","overlay-gradient":""},"mobile":{"background-color":"","background-image":"","background-repeat":"repeat","background-position":"center center","background-size":"auto","background-attachment":"scroll","background-type":"","background-media":"","overlay-type":"","overlay-color":"","overlay-opacity":"","overlay-gradient":""}},"ast-content-background-meta":{"desktop":{"background-color":"var(--ast-global-color-4)","background-image":"","background-repeat":"repeat","background-position":"center center","background-size":"auto","background-attachment":"scroll","background-type":"","background-media":"","overlay-type":"","overlay-color":"","overlay-opacity":"","overlay-gradient":""},"tablet":{"background-color":"var(--ast-global-color-4)","background-image":"","background-repeat":"repeat","background-position":"center center","background-size":"auto","background-attachment":"scroll","background-type":"","background-media":"","overlay-type":"","overlay-color":"","overlay-opacity":"","overlay-gradient":""},"mobile":{"background-color":"var(--ast-global-color-4)","background-image":"","background-repeat":"repeat","background-position":"center center","background-size":"auto","background-attachment":"scroll","background-type":"","background-media":"","overlay-type":"","overlay-color":"","overlay-opacity":"","overlay-gradient":""}},"footnotes":""},"class_list":["post-277","page","type-page","status-publish","hentry"],"_links":{"self":[{"href":"https:\/\/aamen.ee\/en\/wp-json\/wp\/v2\/pages\/277","targetHints":{"allow":["GET"]}}],"collection":[{"href":"https:\/\/aamen.ee\/en\/wp-json\/wp\/v2\/pages"}],"about":[{"href":"https:\/\/aamen.ee\/en\/wp-json\/wp\/v2\/types\/page"}],"author":[{"embeddable":true,"href":"https:\/\/aamen.ee\/en\/wp-json\/wp\/v2\/users\/1"}],"replies":[{"embeddable":true,"href":"https:\/\/aamen.ee\/en\/wp-json\/wp\/v2\/comments?post=277"}],"version-history":[{"count":106,"href":"https:\/\/aamen.ee\/en\/wp-json\/wp\/v2\/pages\/277\/revisions"}],"predecessor-version":[{"id":1183,"href":"https:\/\/aamen.ee\/en\/wp-json\/wp\/v2\/pages\/277\/revisions\/1183"}],"wp:attachment":[{"href":"https:\/\/aamen.ee\/en\/wp-json\/wp\/v2\/media?parent=277"}],"curies":[{"name":"wp","href":"https:\/\/api.w.org\/{rel}","templated":true}]}}